{"id":3793,"date":"2022-07-12T21:36:13","date_gmt":"2022-07-12T19:36:13","guid":{"rendered":"https:\/\/multisportcommunityexperience.eu\/das-projekt\/"},"modified":"2024-02-23T14:17:58","modified_gmt":"2024-02-23T13:17:58","slug":"das-projekt","status":"publish","type":"page","link":"https:\/\/multisportcommunityexperience.eu\/de\/das-projekt\/","title":{"rendered":"Das Projekt"},"content":{"rendered":"\t\t<div data-elementor-type=\"wp-page\" data-elementor-id=\"3793\" class=\"elementor elementor-3793 elementor-141\" data-elementor-post-type=\"page\">\n\t\t\t\t<div class=\"elementor-element elementor-element-992e83b e-flex e-con-boxed e-con e-parent\" data-id=\"992e83b\" data-element_type=\"container\" data-settings=\"{&quot;jet_parallax_layout_list&quot;:[]}\" data-core-v316-plus=\"true\">\n\t\t\t\t\t<div class=\"e-con-inner\">\n\t\t<div class=\"elementor-element elementor-element-5b6aabc e-con-full e-flex e-con e-child\" data-id=\"5b6aabc\" data-element_type=\"container\" data-settings=\"{&quot;background_background&quot;:&quot;classic&quot;,&quot;jet_parallax_layout_list&quot;:[]}\">\n\t\t\t\t<div class=\"elementor-element elementor-element-0ced156 elementor-widget elementor-widget-image\" data-id=\"0ced156\" data-element_type=\"widget\" data-widget_type=\"image.default\">\n\t\t\t\t<div class=\"elementor-widget-container\">\n\t\t\t<style>\/*! elementor - v3.20.0 - 20-03-2024 *\/\n.elementor-widget-image{text-align:center}.elementor-widget-image a{display:inline-block}.elementor-widget-image a img[src$=\".svg\"]{width:48px}.elementor-widget-image img{vertical-align:middle;display:inline-block}<\/style>\t\t\t\t\t\t\t\t\t\t<img fetchpriority=\"high\" decoding=\"async\" width=\"408\" height=\"184\" src=\"https:\/\/multisportcommunityexperience.eu\/wp-content\/uploads\/2021\/04\/logo-footer.jpg\" class=\"attachment-large size-large wp-image-69\" alt=\"\" srcset=\"https:\/\/multisportcommunityexperience.eu\/wp-content\/uploads\/2021\/04\/logo-footer.jpg 408w, https:\/\/multisportcommunityexperience.eu\/wp-content\/uploads\/2021\/04\/logo-footer-300x135.jpg 300w\" sizes=\"(max-width: 408px) 100vw, 408px\" \/>\t\t\t\t\t\t\t\t\t\t\t\t\t<\/div>\n\t\t\t\t<\/div>\n\t\t\t\t<\/div>\n\t\t<div class=\"elementor-element elementor-element-2a81cbd e-con-full e-flex e-con e-child\" data-id=\"2a81cbd\" data-element_type=\"container\" data-settings=\"{&quot;jet_parallax_layout_list&quot;:[]}\">\n\t\t\t\t<div class=\"elementor-element elementor-element-fa4ab6b elementor-widget elementor-widget-text-editor\" data-id=\"fa4ab6b\" data-element_type=\"widget\" data-widget_type=\"text-editor.default\">\n\t\t\t\t<div class=\"elementor-widget-container\">\n\t\t\t<style>\/*! elementor - v3.20.0 - 20-03-2024 *\/\n.elementor-widget-text-editor.elementor-drop-cap-view-stacked .elementor-drop-cap{background-color:#69727d;color:#fff}.elementor-widget-text-editor.elementor-drop-cap-view-framed .elementor-drop-cap{color:#69727d;border:3px solid;background-color:transparent}.elementor-widget-text-editor:not(.elementor-drop-cap-view-default) .elementor-drop-cap{margin-top:8px}.elementor-widget-text-editor:not(.elementor-drop-cap-view-default) .elementor-drop-cap-letter{width:1em;height:1em}.elementor-widget-text-editor .elementor-drop-cap{float:left;text-align:center;line-height:1;font-size:50px}.elementor-widget-text-editor .elementor-drop-cap-letter{display:inline-block}<\/style>\t\t\t\t<p>MULTISPORT COMMUNITY EXPERIENCE ist ein sozial-innovatives Sportprojekt, das auf einer kollektiven &#8222;Bewegung&#8220; und Wettbewerb basiert.<\/p>\n<p>Dieses Projekt zielt darauf ab, die Menschen durch ein neues Zugeh\u00f6rigkeitsgef\u00fchl, neue Emotionen, neue Beziehungen und einen gesunden Wettbewerb zu aktivieren und sie zu einem k\u00f6rperlich aktiven und gesunden Leben zu motivieren. Das Spiel basiert auf dem Wettbewerb zwischen Gemeinschaften.  Jede Gemeinschaft hat ein spezielles Team, das die k\u00f6rperliche Aktivit\u00e4t erfasst.<\/p>\n<p>Ein System sammelt alle Daten und aktualisiert in Echtzeit den zunehmenden &#8222;Healthy Index&#8220; auf Stadtebene und vergleicht ihn mit dem Wert der anderen konkurrierenden Gemeinschaft. Dieses Projekt zielt darauf ab, eine neue Nutzererfahrung zu aktivieren, indem eine neue App entwickelt wird, die k\u00f6rperliche Aktivit\u00e4ten, Kalorienverbrauch, soziale Ereignisse usw. aufzeichnet. Es liegt in der menschlichen Natur, dass wir soziale Kontakte brauchen und gerne miteinander interagieren. Heutzutage spielt die Technologie eine gro\u00dfe Rolle in unserem Leben und dieses Projekt verbindet die Nutzung von intelligenten Ger\u00e4ten mit dem Gemeinschaftserlebnis und verbessert gleichzeitig das Wohlbefinden der Menschen.<\/p>\n<p>Das Wohlbefinden des Einzelnen ist der Kern des Wohlbefindens der Gesellschaft, dies hat auch wirtschaftliche Vorteile. Je ges\u00fcnder die Menschen sind, desto weniger Druck wird auf das Sozial- und insbesondere das Gesundheitssystem ausge\u00fcbt. Ein k\u00f6rperlich oder geistig behinderter Mensch braucht mehr Zeit, um einen Arbeitsplatz zu finden und sich in die Gesellschaft zu integrieren. Dieses Spiel ist nicht exklusiv, jeder kann daran teilnehmen, unabh\u00e4ngig von fr\u00fcheren Sporterfahrungen, Alter oder finanzieller Situation.<\/p>\n\t\t\t\t\t\t<\/div>\n\t\t\t\t<\/div>\n\t\t\t\t<\/div>\n\t\t\t\t\t<\/div>\n\t\t\t\t<\/div>\n\t\t<div class=\"elementor-element elementor-element-492a76b e-flex e-con-boxed e-con e-parent\" data-id=\"492a76b\" data-element_type=\"container\" data-settings=\"{&quot;jet_parallax_layout_list&quot;:[]}\" data-core-v316-plus=\"true\">\n\t\t\t\t\t<div class=\"e-con-inner\">\n\t\t<div class=\"elementor-element elementor-element-33ee12d e-con-full elementor-hidden-mobile e-flex e-con e-child\" data-id=\"33ee12d\" data-element_type=\"container\" data-settings=\"{&quot;background_background&quot;:&quot;classic&quot;,&quot;jet_parallax_layout_list&quot;:[]}\">\n\t\t\t\t<\/div>\n\t\t<div class=\"elementor-element elementor-element-3abadb1 e-con-full e-flex e-con e-child\" data-id=\"3abadb1\" data-element_type=\"container\" data-settings=\"{&quot;jet_parallax_layout_list&quot;:[]}\">\n\t\t\t\t<div class=\"elementor-element elementor-element-b30aad2 elementor-widget elementor-widget-heading\" data-id=\"b30aad2\" data-element_type=\"widget\" data-widget_type=\"heading.default\">\n\t\t\t\t<div class=\"elementor-widget-container\">\n\t\t\t<style>\/*! elementor - v3.20.0 - 20-03-2024 *\/\n.elementor-heading-title{padding:0;margin:0;line-height:1}.elementor-widget-heading .elementor-heading-title[class*=elementor-size-]>a{color:inherit;font-size:inherit;line-height:inherit}.elementor-widget-heading .elementor-heading-title.elementor-size-small{font-size:15px}.elementor-widget-heading .elementor-heading-title.elementor-size-medium{font-size:19px}.elementor-widget-heading .elementor-heading-title.elementor-size-large{font-size:29px}.elementor-widget-heading .elementor-heading-title.elementor-size-xl{font-size:39px}.elementor-widget-heading .elementor-heading-title.elementor-size-xxl{font-size:59px}<\/style><h2 class=\"elementor-heading-title elementor-size-default\">Ziele<\/h2>\t\t<\/div>\n\t\t\t\t<\/div>\n\t\t\t\t<div class=\"elementor-element elementor-element-2573c9e elementor-widget elementor-widget-text-editor\" data-id=\"2573c9e\" data-element_type=\"widget\" data-widget_type=\"text-editor.default\">\n\t\t\t\t<div class=\"elementor-widget-container\">\n\t\t\t\t\t\t\tMit diesem Projekt wollen wir:\r\n<ul>\r\n \t<li>Mehr Menschen f\u00fcr Sport und k\u00f6rperliche Aktivit\u00e4ten begeistern;<\/li>\r\n \t<li>Das kollektive Bewusstsein f\u00fcr soziale Innovationen sch\u00e4rfen;<\/li>\r\n \t<li>eine Plattform aufbauen, die den Nutzer*innen hilft, ein ges\u00fcnderes Leben zu f\u00fchren, aktiver zu sein und sich an mehr Gemeinschaftsaktivit\u00e4ten zu beteiligen. Wir m\u00f6chten ihnen ein Gef\u00fchl der Zugeh\u00f6rigkeit geben und das Gef\u00fchl bekommen, Teil von etwas Gr\u00f6\u00dferem zu sein.<\/li>\r\n \t<li>Ein Motivationsmechanismus soll aktiviert werden. Das Programm kann jederzeit und \u00fcberall durchgef\u00fchrt werden, es gibt keine Grenzen oder Ausreden, um k\u00f6rperliche \u00dcbungen zu machen. Die App anerkennt die sozialen Interaktionen und f\u00f6rdert die Gemeinschaftsbildung, sogar in den eigenen vier W\u00e4nden, wie es jetzt bei der Verbreitung des Corona-Virus der Fall ist.<\/li>\r\n<\/ul>\t\t\t\t\t\t<\/div>\n\t\t\t\t<\/div>\n\t\t\t\t<\/div>\n\t\t\t\t\t<\/div>\n\t\t\t\t<\/div>\n\t\t\t\t<\/div>\n\t\t","protected":false},"excerpt":{"rendered":"<p>MULTISPORT COMMUNITY EXPERIENCE ist ein sozial-innovatives Sportprojekt, das auf einer kollektiven &#8222;Bewegung&#8220; und Wettbewerb basiert. Dieses Projekt zielt darauf ab, die Menschen durch ein neues Zugeh\u00f6rigkeitsgef\u00fchl, neue Emotionen, neue Beziehungen und einen gesunden Wettbewerb zu aktivieren und sie zu einem k\u00f6rperlich aktiven und gesunden Leben zu motivieren. Das Spiel basiert auf dem Wettbewerb zwischen Gemeinschaften. [&hellip;]<\/p>\n","protected":false},"author":1,"featured_media":0,"parent":0,"menu_order":0,"comment_status":"closed","ping_status":"closed","template":"","meta":{"footnotes":""},"class_list":["post-3793","page","type-page","status-publish","hentry"],"_links":{"self":[{"href":"https:\/\/multisportcommunityexperience.eu\/de\/wp-json\/wp\/v2\/pages\/3793","targetHints":{"allow":["GET"]}}],"collection":[{"href":"https:\/\/multisportcommunityexperience.eu\/de\/wp-json\/wp\/v2\/pages"}],"about":[{"href":"https:\/\/multisportcommunityexperience.eu\/de\/wp-json\/wp\/v2\/types\/page"}],"author":[{"embeddable":true,"href":"https:\/\/multisportcommunityexperience.eu\/de\/wp-json\/wp\/v2\/users\/1"}],"replies":[{"embeddable":true,"href":"https:\/\/multisportcommunityexperience.eu\/de\/wp-json\/wp\/v2\/comments?post=3793"}],"version-history":[{"count":1,"href":"https:\/\/multisportcommunityexperience.eu\/de\/wp-json\/wp\/v2\/pages\/3793\/revisions"}],"predecessor-version":[{"id":3794,"href":"https:\/\/multisportcommunityexperience.eu\/de\/wp-json\/wp\/v2\/pages\/3793\/revisions\/3794"}],"wp:attachment":[{"href":"https:\/\/multisportcommunityexperience.eu\/de\/wp-json\/wp\/v2\/media?parent=3793"}],"curies":[{"name":"wp","href":"https:\/\/api.w.org\/{rel}","templated":true}]}}