{"id":3791,"date":"2022-07-12T21:36:13","date_gmt":"2022-07-12T19:36:13","guid":{"rendered":"https:\/\/multisportcommunityexperience.eu\/le-projet\/"},"modified":"2024-02-23T14:16:31","modified_gmt":"2024-02-23T13:16:31","slug":"le-projet","status":"publish","type":"page","link":"https:\/\/multisportcommunityexperience.eu\/fr\/le-projet\/","title":{"rendered":"Le projet"},"content":{"rendered":"\t\t<div data-elementor-type=\"wp-page\" data-elementor-id=\"3791\" class=\"elementor elementor-3791 elementor-141\" data-elementor-post-type=\"page\">\n\t\t\t\t<div class=\"elementor-element elementor-element-992e83b e-flex e-con-boxed e-con e-parent\" data-id=\"992e83b\" data-element_type=\"container\" data-settings=\"{&quot;jet_parallax_layout_list&quot;:[]}\" data-core-v316-plus=\"true\">\n\t\t\t\t\t<div class=\"e-con-inner\">\n\t\t<div class=\"elementor-element elementor-element-5b6aabc e-con-full e-flex e-con e-child\" data-id=\"5b6aabc\" data-element_type=\"container\" data-settings=\"{&quot;background_background&quot;:&quot;classic&quot;,&quot;jet_parallax_layout_list&quot;:[]}\">\n\t\t\t\t<div class=\"elementor-element elementor-element-0ced156 elementor-widget elementor-widget-image\" data-id=\"0ced156\" data-element_type=\"widget\" data-widget_type=\"image.default\">\n\t\t\t\t<div class=\"elementor-widget-container\">\n\t\t\t<style>\/*! elementor - v3.20.0 - 20-03-2024 *\/\n.elementor-widget-image{text-align:center}.elementor-widget-image a{display:inline-block}.elementor-widget-image a img[src$=\".svg\"]{width:48px}.elementor-widget-image img{vertical-align:middle;display:inline-block}<\/style>\t\t\t\t\t\t\t\t\t\t<img fetchpriority=\"high\" decoding=\"async\" width=\"408\" height=\"184\" src=\"https:\/\/multisportcommunityexperience.eu\/wp-content\/uploads\/2021\/04\/logo-footer.jpg\" class=\"attachment-large size-large wp-image-69\" alt=\"\" srcset=\"https:\/\/multisportcommunityexperience.eu\/wp-content\/uploads\/2021\/04\/logo-footer.jpg 408w, https:\/\/multisportcommunityexperience.eu\/wp-content\/uploads\/2021\/04\/logo-footer-300x135.jpg 300w\" sizes=\"(max-width: 408px) 100vw, 408px\" \/>\t\t\t\t\t\t\t\t\t\t\t\t\t<\/div>\n\t\t\t\t<\/div>\n\t\t\t\t<\/div>\n\t\t<div class=\"elementor-element elementor-element-2a81cbd e-con-full e-flex e-con e-child\" data-id=\"2a81cbd\" data-element_type=\"container\" data-settings=\"{&quot;jet_parallax_layout_list&quot;:[]}\">\n\t\t\t\t<div class=\"elementor-element elementor-element-fa4ab6b elementor-widget elementor-widget-text-editor\" data-id=\"fa4ab6b\" data-element_type=\"widget\" data-widget_type=\"text-editor.default\">\n\t\t\t\t<div class=\"elementor-widget-container\">\n\t\t\t<style>\/*! elementor - v3.20.0 - 20-03-2024 *\/\n.elementor-widget-text-editor.elementor-drop-cap-view-stacked .elementor-drop-cap{background-color:#69727d;color:#fff}.elementor-widget-text-editor.elementor-drop-cap-view-framed .elementor-drop-cap{color:#69727d;border:3px solid;background-color:transparent}.elementor-widget-text-editor:not(.elementor-drop-cap-view-default) .elementor-drop-cap{margin-top:8px}.elementor-widget-text-editor:not(.elementor-drop-cap-view-default) .elementor-drop-cap-letter{width:1em;height:1em}.elementor-widget-text-editor .elementor-drop-cap{float:left;text-align:center;line-height:1;font-size:50px}.elementor-widget-text-editor .elementor-drop-cap-letter{display:inline-block}<\/style>\t\t\t\t<p>L&rsquo;EXP\u00c9RIENCE COMMUNAUTAIRE MULTISPORT est un projet sportif d&rsquo;innovation sociale bas\u00e9 sur des activit\u00e9s collectives de \u00ab\u00a0mouvement\u00a0\u00bb et de comp\u00e9tition.<\/p>\n<p>Ce projet vise \u00e0 activer les gens \u00e0 travers un nouveau sentiment d&rsquo;appartenance, de nouvelles \u00e9motions, de nouvelles relations et une comp\u00e9tition saine, ainsi qu&rsquo;une motivation convaincante pour une vie active et saine. Le jeu est bas\u00e9 sur des communaut\u00e9s en comp\u00e9tition. Chaque communaut\u00e9 a une \u00e9quipe sp\u00e9cifique qui suit son activit\u00e9 physique.<\/p>\n<p>Un syst\u00e8me collecte toutes les donn\u00e9es et met \u00e0 jour en temps r\u00e9el l'\u00a0\u00bbIndice de Sant\u00e9\u00a0\u00bb cumulatif au niveau de la ville et le compare avec la valeur des autres communaut\u00e9s en comp\u00e9tition. Ce projet vise \u00e0 activer une nouvelle exp\u00e9rience utilisateur car une nouvelle application a \u00e9t\u00e9 d\u00e9velopp\u00e9e qui suit les activit\u00e9s physiques, la consommation de calories, les \u00e9v\u00e9nements sociaux, etc. Il est dans la nature humaine que nous ayons besoin de contacts sociaux et que nous aimions interagir les uns avec les autres. De nos jours, la technologie joue un r\u00f4le \u00e9norme dans nos vies et ce projet combine l&rsquo;utilisation de dispositifs intelligents et l&rsquo;exp\u00e9rience communautaire tout en am\u00e9liorant le bien-\u00eatre des personnes.<\/p>\n<p>Le bien-\u00eatre des individus est au c\u0153ur du bien-\u00eatre de la soci\u00e9t\u00e9 et pr\u00e9sente \u00e9galement des avantages \u00e9conomiques. Plus les gens sont en bonne sant\u00e9, moins de pression est exerc\u00e9e sur le syst\u00e8me de bien-\u00eatre et surtout sur le syst\u00e8me de sant\u00e9. Une personne physiquement ou mentalement handicap\u00e9e a besoin de plus de temps pour trouver un emploi et s&rsquo;int\u00e9grer dans la soci\u00e9t\u00e9. Ce jeu n&rsquo;est pas exclusif, tout le monde peut y participer, quel que soit son exp\u00e9rience sportive ant\u00e9rieure, son \u00e2ge ou sa situation financi\u00e8re.<\/p>\n\t\t\t\t\t\t<\/div>\n\t\t\t\t<\/div>\n\t\t\t\t<\/div>\n\t\t\t\t\t<\/div>\n\t\t\t\t<\/div>\n\t\t<div class=\"elementor-element elementor-element-492a76b e-flex e-con-boxed e-con e-parent\" data-id=\"492a76b\" data-element_type=\"container\" data-settings=\"{&quot;jet_parallax_layout_list&quot;:[]}\" data-core-v316-plus=\"true\">\n\t\t\t\t\t<div class=\"e-con-inner\">\n\t\t<div class=\"elementor-element elementor-element-33ee12d e-con-full elementor-hidden-mobile e-flex e-con e-child\" data-id=\"33ee12d\" data-element_type=\"container\" data-settings=\"{&quot;background_background&quot;:&quot;classic&quot;,&quot;jet_parallax_layout_list&quot;:[]}\">\n\t\t\t\t<\/div>\n\t\t<div class=\"elementor-element elementor-element-3abadb1 e-con-full e-flex e-con e-child\" data-id=\"3abadb1\" data-element_type=\"container\" data-settings=\"{&quot;jet_parallax_layout_list&quot;:[]}\">\n\t\t\t\t<div class=\"elementor-element elementor-element-b30aad2 elementor-widget elementor-widget-heading\" data-id=\"b30aad2\" data-element_type=\"widget\" data-widget_type=\"heading.default\">\n\t\t\t\t<div class=\"elementor-widget-container\">\n\t\t\t<style>\/*! elementor - v3.20.0 - 20-03-2024 *\/\n.elementor-heading-title{padding:0;margin:0;line-height:1}.elementor-widget-heading .elementor-heading-title[class*=elementor-size-]>a{color:inherit;font-size:inherit;line-height:inherit}.elementor-widget-heading .elementor-heading-title.elementor-size-small{font-size:15px}.elementor-widget-heading .elementor-heading-title.elementor-size-medium{font-size:19px}.elementor-widget-heading .elementor-heading-title.elementor-size-large{font-size:29px}.elementor-widget-heading .elementor-heading-title.elementor-size-xl{font-size:39px}.elementor-widget-heading .elementor-heading-title.elementor-size-xxl{font-size:59px}<\/style><h2 class=\"elementor-heading-title elementor-size-default\">Objectifs<\/h2>\t\t<\/div>\n\t\t\t\t<\/div>\n\t\t\t\t<div class=\"elementor-element elementor-element-2573c9e elementor-widget elementor-widget-text-editor\" data-id=\"2573c9e\" data-element_type=\"widget\" data-widget_type=\"text-editor.default\">\n\t\t\t\t<div class=\"elementor-widget-container\">\n\t\t\t\t\t\t\t\u00c0 travers ce projet, nous visons \u00e0 :\r\n<ul>\r\n \t<li>Impliquer davantage de personnes dans le sport et les activit\u00e9s physiques ;<\/li>\r\n \t<li>Sensibiliser collectivement aux innovations sociales ;<\/li>\r\n \t<li>Construire une plateforme qui aide les utilisateurs \u00e0 mener une vie plus saine, \u00e0 \u00eatre plus actifs et \u00e0 participer \u00e0 plus d&rsquo;activit\u00e9s communautaires. Nous aimerions leur donner un sentiment d&rsquo;appartenance, de faire partie de quelque chose de plus grand.<\/li>\r\n \t<li>Activer un m\u00e9canisme de motivation. Le programme peut \u00eatre r\u00e9alis\u00e9 \u00e0 tout moment et en tout lieu, il n&rsquo;y a pas de limites ou d&rsquo;excuses pour faire de l&rsquo;exercice physique. L&rsquo;application donne du cr\u00e9dit pour les interactions sociales et encourage la construction de la communaut\u00e9, m\u00eame dans le confort de nos foyers, comme c&rsquo;est maintenant le cas avec la propagation du virus corona.<\/li>\r\n<\/ul>\t\t\t\t\t\t<\/div>\n\t\t\t\t<\/div>\n\t\t\t\t<\/div>\n\t\t\t\t\t<\/div>\n\t\t\t\t<\/div>\n\t\t\t\t<\/div>\n\t\t","protected":false},"excerpt":{"rendered":"<p>L&rsquo;EXP\u00c9RIENCE COMMUNAUTAIRE MULTISPORT est un projet sportif d&rsquo;innovation sociale bas\u00e9 sur des activit\u00e9s collectives de \u00ab\u00a0mouvement\u00a0\u00bb et de comp\u00e9tition. Ce projet vise \u00e0 activer les gens \u00e0 travers un nouveau sentiment d&rsquo;appartenance, de nouvelles \u00e9motions, de nouvelles relations et une comp\u00e9tition saine, ainsi qu&rsquo;une motivation convaincante pour une vie active et saine. Le jeu est [&hellip;]<\/p>\n","protected":false},"author":1,"featured_media":0,"parent":0,"menu_order":0,"comment_status":"closed","ping_status":"closed","template":"","meta":{"footnotes":""},"class_list":["post-3791","page","type-page","status-publish","hentry"],"_links":{"self":[{"href":"https:\/\/multisportcommunityexperience.eu\/fr\/wp-json\/wp\/v2\/pages\/3791","targetHints":{"allow":["GET"]}}],"collection":[{"href":"https:\/\/multisportcommunityexperience.eu\/fr\/wp-json\/wp\/v2\/pages"}],"about":[{"href":"https:\/\/multisportcommunityexperience.eu\/fr\/wp-json\/wp\/v2\/types\/page"}],"author":[{"embeddable":true,"href":"https:\/\/multisportcommunityexperience.eu\/fr\/wp-json\/wp\/v2\/users\/1"}],"replies":[{"embeddable":true,"href":"https:\/\/multisportcommunityexperience.eu\/fr\/wp-json\/wp\/v2\/comments?post=3791"}],"version-history":[{"count":1,"href":"https:\/\/multisportcommunityexperience.eu\/fr\/wp-json\/wp\/v2\/pages\/3791\/revisions"}],"predecessor-version":[{"id":3792,"href":"https:\/\/multisportcommunityexperience.eu\/fr\/wp-json\/wp\/v2\/pages\/3791\/revisions\/3792"}],"wp:attachment":[{"href":"https:\/\/multisportcommunityexperience.eu\/fr\/wp-json\/wp\/v2\/media?parent=3791"}],"curies":[{"name":"wp","href":"https:\/\/api.w.org\/{rel}","templated":true}]}}