{"id":3772,"date":"2023-12-28T13:17:18","date_gmt":"2023-12-28T12:17:18","guid":{"rendered":"https:\/\/multisportcommunityexperience.eu\/besplatni-resursi\/"},"modified":"2024-02-21T23:50:21","modified_gmt":"2024-02-21T22:50:21","slug":"besplatni-resursi","status":"publish","type":"page","link":"https:\/\/multisportcommunityexperience.eu\/hr\/besplatni-resursi\/","title":{"rendered":"Besplatni resursi"},"content":{"rendered":"\t\t<div data-elementor-type=\"wp-page\" data-elementor-id=\"3772\" class=\"elementor elementor-3772 elementor-244\" data-elementor-post-type=\"page\">\n\t\t\t\t<div class=\"elementor-element elementor-element-5e234d3 e-flex e-con-boxed e-con e-parent\" data-id=\"5e234d3\" data-element_type=\"container\" data-settings=\"{&quot;jet_parallax_layout_list&quot;:[]}\" data-core-v316-plus=\"true\">\n\t\t\t\t\t<div class=\"e-con-inner\">\n\t\t\t\t<div class=\"elementor-element elementor-element-b0d627c elementor-hidden-mobile elementor-widget elementor-widget-spacer\" data-id=\"b0d627c\" data-element_type=\"widget\" data-widget_type=\"spacer.default\">\n\t\t\t\t<div class=\"elementor-widget-container\">\n\t\t\t<style>\/*! elementor - v3.20.0 - 20-03-2024 *\/\n.elementor-column .elementor-spacer-inner{height:var(--spacer-size)}.e-con{--container-widget-width:100%}.e-con-inner>.elementor-widget-spacer,.e-con>.elementor-widget-spacer{width:var(--container-widget-width,var(--spacer-size));--align-self:var(--container-widget-align-self,initial);--flex-shrink:0}.e-con-inner>.elementor-widget-spacer>.elementor-widget-container,.e-con>.elementor-widget-spacer>.elementor-widget-container{height:100%;width:100%}.e-con-inner>.elementor-widget-spacer>.elementor-widget-container>.elementor-spacer,.e-con>.elementor-widget-spacer>.elementor-widget-container>.elementor-spacer{height:100%}.e-con-inner>.elementor-widget-spacer>.elementor-widget-container>.elementor-spacer>.elementor-spacer-inner,.e-con>.elementor-widget-spacer>.elementor-widget-container>.elementor-spacer>.elementor-spacer-inner{height:var(--container-widget-height,var(--spacer-size))}.e-con-inner>.elementor-widget-spacer.elementor-widget-empty,.e-con>.elementor-widget-spacer.elementor-widget-empty{position:relative;min-height:22px;min-width:22px}.e-con-inner>.elementor-widget-spacer.elementor-widget-empty .elementor-widget-empty-icon,.e-con>.elementor-widget-spacer.elementor-widget-empty .elementor-widget-empty-icon{position:absolute;top:0;bottom:0;left:0;right:0;margin:auto;padding:0;width:22px;height:22px}<\/style>\t\t<div class=\"elementor-spacer\">\n\t\t\t<div class=\"elementor-spacer-inner\"><\/div>\n\t\t<\/div>\n\t\t\t\t<\/div>\n\t\t\t\t<\/div>\n\t\t\t\t<div class=\"elementor-element elementor-element-cb9ae23 elementor-widget-divider--view-line_text elementor-widget-divider--element-align-center elementor-widget elementor-widget-divider\" data-id=\"cb9ae23\" data-element_type=\"widget\" data-widget_type=\"divider.default\">\n\t\t\t\t<div class=\"elementor-widget-container\">\n\t\t\t<style>\/*! elementor - v3.20.0 - 20-03-2024 *\/\n.elementor-widget-divider{--divider-border-style:none;--divider-border-width:1px;--divider-color:#0c0d0e;--divider-icon-size:20px;--divider-element-spacing:10px;--divider-pattern-height:24px;--divider-pattern-size:20px;--divider-pattern-url:none;--divider-pattern-repeat:repeat-x}.elementor-widget-divider .elementor-divider{display:flex}.elementor-widget-divider .elementor-divider__text{font-size:15px;line-height:1;max-width:95%}.elementor-widget-divider .elementor-divider__element{margin:0 var(--divider-element-spacing);flex-shrink:0}.elementor-widget-divider .elementor-icon{font-size:var(--divider-icon-size)}.elementor-widget-divider .elementor-divider-separator{display:flex;margin:0;direction:ltr}.elementor-widget-divider--view-line_icon .elementor-divider-separator,.elementor-widget-divider--view-line_text .elementor-divider-separator{align-items:center}.elementor-widget-divider--view-line_icon .elementor-divider-separator:after,.elementor-widget-divider--view-line_icon .elementor-divider-separator:before,.elementor-widget-divider--view-line_text .elementor-divider-separator:after,.elementor-widget-divider--view-line_text .elementor-divider-separator:before{display:block;content:\"\";border-block-end:0;flex-grow:1;border-block-start:var(--divider-border-width) var(--divider-border-style) var(--divider-color)}.elementor-widget-divider--element-align-left .elementor-divider .elementor-divider-separator>.elementor-divider__svg:first-of-type{flex-grow:0;flex-shrink:100}.elementor-widget-divider--element-align-left .elementor-divider-separator:before{content:none}.elementor-widget-divider--element-align-left .elementor-divider__element{margin-left:0}.elementor-widget-divider--element-align-right .elementor-divider .elementor-divider-separator>.elementor-divider__svg:last-of-type{flex-grow:0;flex-shrink:100}.elementor-widget-divider--element-align-right .elementor-divider-separator:after{content:none}.elementor-widget-divider--element-align-right .elementor-divider__element{margin-right:0}.elementor-widget-divider--element-align-start .elementor-divider .elementor-divider-separator>.elementor-divider__svg:first-of-type{flex-grow:0;flex-shrink:100}.elementor-widget-divider--element-align-start .elementor-divider-separator:before{content:none}.elementor-widget-divider--element-align-start .elementor-divider__element{margin-inline-start:0}.elementor-widget-divider--element-align-end .elementor-divider .elementor-divider-separator>.elementor-divider__svg:last-of-type{flex-grow:0;flex-shrink:100}.elementor-widget-divider--element-align-end .elementor-divider-separator:after{content:none}.elementor-widget-divider--element-align-end .elementor-divider__element{margin-inline-end:0}.elementor-widget-divider:not(.elementor-widget-divider--view-line_text):not(.elementor-widget-divider--view-line_icon) .elementor-divider-separator{border-block-start:var(--divider-border-width) var(--divider-border-style) var(--divider-color)}.elementor-widget-divider--separator-type-pattern{--divider-border-style:none}.elementor-widget-divider--separator-type-pattern.elementor-widget-divider--view-line .elementor-divider-separator,.elementor-widget-divider--separator-type-pattern:not(.elementor-widget-divider--view-line) .elementor-divider-separator:after,.elementor-widget-divider--separator-type-pattern:not(.elementor-widget-divider--view-line) .elementor-divider-separator:before,.elementor-widget-divider--separator-type-pattern:not([class*=elementor-widget-divider--view]) .elementor-divider-separator{width:100%;min-height:var(--divider-pattern-height);-webkit-mask-size:var(--divider-pattern-size) 100%;mask-size:var(--divider-pattern-size) 100%;-webkit-mask-repeat:var(--divider-pattern-repeat);mask-repeat:var(--divider-pattern-repeat);background-color:var(--divider-color);-webkit-mask-image:var(--divider-pattern-url);mask-image:var(--divider-pattern-url)}.elementor-widget-divider--no-spacing{--divider-pattern-size:auto}.elementor-widget-divider--bg-round{--divider-pattern-repeat:round}.rtl .elementor-widget-divider .elementor-divider__text{direction:rtl}.e-con-inner>.elementor-widget-divider,.e-con>.elementor-widget-divider{width:var(--container-widget-width,100%);--flex-grow:var(--container-widget-flex-grow)}<\/style>\t\t<div class=\"elementor-divider\">\n\t\t\t<span class=\"elementor-divider-separator\">\n\t\t\t\t\t\t\t<span class=\"elementor-divider__text elementor-divider__element\">\n\t\t\t\tIO1 \u201cMultisport Community Index\u201d (INDEKS)\t\t\t\t<\/span>\n\t\t\t\t\t\t<\/span>\n\t\t<\/div>\n\t\t\t\t<\/div>\n\t\t\t\t<\/div>\n\t\t\t\t<div class=\"elementor-element elementor-element-67493be elementor-widget elementor-widget-text-editor\" data-id=\"67493be\" data-element_type=\"widget\" data-widget_type=\"text-editor.default\">\n\t\t\t\t<div class=\"elementor-widget-container\">\n\t\t\t<style>\/*! elementor - v3.20.0 - 20-03-2024 *\/\n.elementor-widget-text-editor.elementor-drop-cap-view-stacked .elementor-drop-cap{background-color:#69727d;color:#fff}.elementor-widget-text-editor.elementor-drop-cap-view-framed .elementor-drop-cap{color:#69727d;border:3px solid;background-color:transparent}.elementor-widget-text-editor:not(.elementor-drop-cap-view-default) .elementor-drop-cap{margin-top:8px}.elementor-widget-text-editor:not(.elementor-drop-cap-view-default) .elementor-drop-cap-letter{width:1em;height:1em}.elementor-widget-text-editor .elementor-drop-cap{float:left;text-align:center;line-height:1;font-size:50px}.elementor-widget-text-editor .elementor-drop-cap-letter{display:inline-block}<\/style>\t\t\t\t<p>\u201cMultisport Community Index\u201d je algoritam \u010diji je cilj identificirati razli\u010dite kategorije osoba prema njihovom zdravom na\u010dinu \u017eivota. Ovaj algoritam uzima u obzir razli\u010dite \u010dimbenike: spol, dob, kulturu, aktivno sudjelovanje u sportu i jo\u0161 mnogo toga. Postoje razli\u010dite kategorije osoba prema njihovom zdravom na\u010dinu \u017eivota! Zajedni\u010dka igra treba potaknuti svakoga da bude aktivniji proporcionalno njegovoj te\u017eini.<\/p>\n<p>Algoritam je osnova za igru \u200b\u200b&#8221;Multisport Community Experience&#8221;. U sastavu tima svaka kategorija dobiva odre\u0111eni koeficijent koji umno\u017eava utjecaj individualnog sudjelovanja na zajedni\u010dki uspjeh tima.<\/p>\n<p>To je omogu\u0107ilo poticanje suradnje i aktivnog sudjelovanja razli\u010dite populacije u igri, generiraju\u0107i obrnuto dinami\u010dko po\u0161tovanje uobi\u010dajene natjecateljske logike. Svaki tim je pozvan da uzme u obzir cjelokupnu raznolikost stanovni\u0161tva u lokalnoj zajednici, bez fokusiranja samo na najsportskije ljude, na &#8220;najja\u010de&#8221; sporta\u0161e, na &#8220;najbolje&#8221; \u010dlanove tima sa stajali\u0161ta zdravog na\u010dina \u017eivota! Nasuprot tome, individualna ranjivost postaje potencijalni resurs za tim, tako da se fizi\u010dki manje aktivni, umjesto hendikepom tima, smatraju \u010dlanovima u koje treba ulo\u017eiti vi\u0161e strasti, entuzijazma i energije!<\/p>\n<p>Zato \u0161to kolektivni uspjeh ovisi o \u201czajedni\u010dkom blagostanju\u201d, koje ovisi o timskoj inteligenciji (kognitivno, fizi\u010dki, socijalno, emocionalno) koja uspijeva natjerati vi\u0161e ljudi da sudjeluju, dijele s njima zajedni\u010dke aktivnosti i emocije kako bi unaprijedili pojedinca i kolektiv dobrobit: jednom rije\u010dju &#8220;zajedni\u010dka dobrobit&#8221;.<\/p>\n\t\t\t\t\t\t<\/div>\n\t\t\t\t<\/div>\n\t\t<div class=\"elementor-element elementor-element-9e02f18 e-flex e-con-boxed e-con e-child\" data-id=\"9e02f18\" data-element_type=\"container\" data-settings=\"{&quot;jet_parallax_layout_list&quot;:[]}\">\n\t\t\t\t\t<div class=\"e-con-inner\">\n\t\t\t\t<div class=\"elementor-element elementor-element-0840370 elementor-vertical-align-bottom elementor-widget__width-auto elementor-widget-mobile__width-inherit elementor-widget elementor-widget-icon-box\" data-id=\"0840370\" data-element_type=\"widget\" data-widget_type=\"icon-box.default\">\n\t\t\t\t<div class=\"elementor-widget-container\">\n\t\t\t<link rel=\"stylesheet\" href=\"https:\/\/multisportcommunityexperience.eu\/wp-content\/plugins\/elementor\/assets\/css\/widget-icon-box.min.css\">\t\t<div class=\"elementor-icon-box-wrapper\">\n\t\t\t\t\t\t<div class=\"elementor-icon-box-content\">\n\t\t\t\t<h3 class=\"elementor-icon-box-title\">\n\t\t\t\t\t<span  >\n\t\t\t\t\t\tIZVJE\u0160\u0106E IO1 [PDF]\t\t\t\t\t<\/span>\n\t\t\t\t<\/h3>\n\t\t\t\t\t\t\t<\/div>\n\t\t<\/div>\n\t\t\t\t<\/div>\n\t\t\t\t<\/div>\n\t\t\t\t<div class=\"elementor-element elementor-element-b5dd24f elementor-widget elementor-widget-html\" data-id=\"b5dd24f\" data-element_type=\"widget\" data-widget_type=\"html.default\">\n\t\t\t\t<div class=\"elementor-widget-container\">\n\t\t\t<a href=\"https:\/\/multisportcommunityexperience.eu\/wp-content\/uploads\/2024\/01\/IO1-report_bg.pdf\" target=\"_blank\" class=\"pdf-lang\">\r\n    <img decoding=\"async\" class=\"wpml-ls-flag\" src=\"https:\/\/multisportcommunityexperience.eu\/wp-content\/plugins\/sitepress-multilingual-cms\/res\/flags\/bg.svg\" alt=\"Bulgarian\"><\/a>\r\n<a href=\"https:\/\/multisportcommunityexperience.eu\/wp-content\/uploads\/2024\/01\/IO1-report_hr.pdf\" target=\"_blank\" class=\"pdf-lang\">\r\n    <img decoding=\"async\" class=\"wpml-ls-flag\" src=\"https:\/\/multisportcommunityexperience.eu\/wp-content\/plugins\/sitepress-multilingual-cms\/res\/flags\/hr.svg\" alt=\"Croatian\"><\/a>\r\n<a href=\"https:\/\/multisportcommunityexperience.eu\/wp-content\/uploads\/2024\/01\/IO1-report.pdf\" target=\"_blank\" class=\"pdf-lang\">\r\n    <img decoding=\"async\" class=\"wpml-ls-flag\" src=\"https:\/\/multisportcommunityexperience.eu\/wp-content\/plugins\/sitepress-multilingual-cms\/res\/flags\/en.svg\" alt=\"English\"><\/a>\r\n<a href=\"https:\/\/multisportcommunityexperience.eu\/wp-content\/uploads\/2024\/01\/IO1-report_fr.pdf\" target=\"_blank\" class=\"pdf-lang hide\">\r\n    <img decoding=\"async\" class=\"wpml-ls-flag\" src=\"https:\/\/multisportcommunityexperience.eu\/wp-content\/plugins\/sitepress-multilingual-cms\/res\/flags\/fr.svg\" alt=\"French\"><\/a>\r\n<a href=\"https:\/\/multisportcommunityexperience.eu\/wp-content\/uploads\/2024\/01\/IO1-report_de.pdf\" target=\"_blank\" class=\"pdf-lang\">\r\n    <img decoding=\"async\" class=\"wpml-ls-flag\" src=\"https:\/\/multisportcommunityexperience.eu\/wp-content\/plugins\/sitepress-multilingual-cms\/res\/flags\/de.svg\" alt=\"German\"><\/a>\r\n<a href=\"https:\/\/multisportcommunityexperience.eu\/wp-content\/uploads\/2024\/01\/IO1-report_el.pdf\" target=\"_blank\" class=\"pdf-lang\">\r\n    <img decoding=\"async\" class=\"wpml-ls-flag\" src=\"https:\/\/multisportcommunityexperience.eu\/wp-content\/plugins\/sitepress-multilingual-cms\/res\/flags\/el.svg\" alt=\"Greek\"><\/a>\r\n<a href=\"https:\/\/multisportcommunityexperience.eu\/wp-content\/uploads\/2024\/01\/IO1-report_it.pdf\" target=\"_blank\" class=\"pdf-lang\">\r\n    <img decoding=\"async\" class=\"wpml-ls-flag\" src=\"https:\/\/multisportcommunityexperience.eu\/wp-content\/plugins\/sitepress-multilingual-cms\/res\/flags\/it.svg\" alt=\"Italian\"><\/a>\t\t<\/div>\n\t\t\t\t<\/div>\n\t\t\t\t\t<\/div>\n\t\t\t\t<\/div>\n\t\t\t\t\t<\/div>\n\t\t\t\t<\/div>\n\t\t<div class=\"elementor-element elementor-element-0cac4fe e-flex e-con-boxed e-con e-parent\" data-id=\"0cac4fe\" data-element_type=\"container\" data-settings=\"{&quot;jet_parallax_layout_list&quot;:[]}\" data-core-v316-plus=\"true\">\n\t\t\t\t\t<div class=\"e-con-inner\">\n\t\t\t\t<div class=\"elementor-element elementor-element-d6130f1 elementor-widget-divider--view-line_text elementor-widget-divider--element-align-center elementor-widget elementor-widget-divider\" data-id=\"d6130f1\" data-element_type=\"widget\" data-widget_type=\"divider.default\">\n\t\t\t\t<div class=\"elementor-widget-container\">\n\t\t\t\t\t<div class=\"elementor-divider\">\n\t\t\t<span class=\"elementor-divider-separator\">\n\t\t\t\t\t\t\t<span class=\"elementor-divider__text elementor-divider__element\">\n\t\t\t\tIO2 Multisport Community Experience, WEB PLATFORMA\/APP\t\t\t\t<\/span>\n\t\t\t\t\t\t<\/span>\n\t\t<\/div>\n\t\t\t\t<\/div>\n\t\t\t\t<\/div>\n\t\t\t\t<div class=\"elementor-element elementor-element-a583d4f elementor-widget elementor-widget-text-editor\" data-id=\"a583d4f\" data-element_type=\"widget\" data-widget_type=\"text-editor.default\">\n\t\t\t\t<div class=\"elementor-widget-container\">\n\t\t\t\t\t\t\t<p>Web platforma je glavni instrument igre \u201cMultisport Community Experience\u201d. Putem platforme sudionici pristupaju Indeksu i registriraju svoj tim, dobivaju\u0107i bodove prema sastavu tima (na temelju razli\u010ditih kriterija) i vrsti sportskih aktivnosti koje se provode. Platforma\/aplikacija omogu\u0107uje publici aktivnu interakciju u dizajnu igre i pripremi doga\u0111aja.<\/p>\n<p>Osim toga, ova platforma ima obrazovnu svrhu, sadr\u017ei video i obrazovne materijale za bavljenje sportskom aktivno\u0161\u0107u. Ovaj materijal kreirali su sportski treneri koji su sudjelovali na me\u0111unarodnom treningu.<\/p>\n\t\t\t\t\t\t<\/div>\n\t\t\t\t<\/div>\n\t\t<div class=\"elementor-element elementor-element-1a73a5e e-flex e-con-boxed e-con e-child\" data-id=\"1a73a5e\" data-element_type=\"container\" data-settings=\"{&quot;jet_parallax_layout_list&quot;:[]}\">\n\t\t\t\t\t<div class=\"e-con-inner\">\n\t\t\t\t<div class=\"elementor-element elementor-element-00ef169 elementor-widget__width-auto elementor-widget elementor-widget-image\" data-id=\"00ef169\" data-element_type=\"widget\" data-widget_type=\"image.default\">\n\t\t\t\t<div class=\"elementor-widget-container\">\n\t\t\t<style>\/*! elementor - v3.20.0 - 20-03-2024 *\/\n.elementor-widget-image{text-align:center}.elementor-widget-image a{display:inline-block}.elementor-widget-image a img[src$=\".svg\"]{width:48px}.elementor-widget-image img{vertical-align:middle;display:inline-block}<\/style>\t\t\t\t\t\t\t\t\t\t\t<a href=\"https:\/\/play.google.com\/store\/apps\/details?id=com.kineticanalysis.mceproject&#038;hl=it&#038;gl=US\" target=\"_blank\">\n\t\t\t\t\t\t\t<img fetchpriority=\"high\" decoding=\"async\" width=\"800\" height=\"238\" src=\"https:\/\/multisportcommunityexperience.eu\/wp-content\/uploads\/2024\/01\/android.png\" class=\"elementor-animation-sink attachment-large size-large wp-image-640\" alt=\"\" srcset=\"https:\/\/multisportcommunityexperience.eu\/wp-content\/uploads\/2024\/01\/android.png 810w, https:\/\/multisportcommunityexperience.eu\/wp-content\/uploads\/2024\/01\/android-300x89.png 300w, https:\/\/multisportcommunityexperience.eu\/wp-content\/uploads\/2024\/01\/android-768x229.png 768w\" sizes=\"(max-width: 800px) 100vw, 800px\" \/>\t\t\t\t\t\t\t\t<\/a>\n\t\t\t\t\t\t\t\t\t\t\t\t\t<\/div>\n\t\t\t\t<\/div>\n\t\t\t\t<div class=\"elementor-element elementor-element-5bfca0a elementor-widget__width-auto elementor-widget elementor-widget-image\" data-id=\"5bfca0a\" data-element_type=\"widget\" data-widget_type=\"image.default\">\n\t\t\t\t<div class=\"elementor-widget-container\">\n\t\t\t\t\t\t\t\t\t\t\t\t\t\t<a href=\"https:\/\/apps.apple.com\/it\/app\/mce-project\/id1627555317\" target=\"_blank\">\n\t\t\t\t\t\t\t<img decoding=\"async\" width=\"800\" height=\"238\" src=\"https:\/\/multisportcommunityexperience.eu\/wp-content\/uploads\/2024\/01\/apple.png\" class=\"elementor-animation-sink attachment-large size-large wp-image-633\" alt=\"\" srcset=\"https:\/\/multisportcommunityexperience.eu\/wp-content\/uploads\/2024\/01\/apple.png 810w, https:\/\/multisportcommunityexperience.eu\/wp-content\/uploads\/2024\/01\/apple-300x89.png 300w, https:\/\/multisportcommunityexperience.eu\/wp-content\/uploads\/2024\/01\/apple-768x229.png 768w\" sizes=\"(max-width: 800px) 100vw, 800px\" \/>\t\t\t\t\t\t\t\t<\/a>\n\t\t\t\t\t\t\t\t\t\t\t\t\t<\/div>\n\t\t\t\t<\/div>\n\t\t\t\t\t<\/div>\n\t\t\t\t<\/div>\n\t\t\t\t\t<\/div>\n\t\t\t\t<\/div>\n\t\t<div class=\"elementor-element elementor-element-de0e5f2 e-flex e-con-boxed e-con e-parent\" data-id=\"de0e5f2\" data-element_type=\"container\" data-settings=\"{&quot;jet_parallax_layout_list&quot;:[]}\" data-core-v316-plus=\"true\">\n\t\t\t\t\t<div class=\"e-con-inner\">\n\t\t\t\t<div class=\"elementor-element elementor-element-117af9d elementor-widget-divider--view-line_text elementor-widget-divider--element-align-center elementor-widget elementor-widget-divider\" data-id=\"117af9d\" data-element_type=\"widget\" data-widget_type=\"divider.default\">\n\t\t\t\t<div class=\"elementor-widget-container\">\n\t\t\t\t\t<div class=\"elementor-divider\">\n\t\t\t<span class=\"elementor-divider-separator\">\n\t\t\t\t\t\t\t<span class=\"elementor-divider__text elementor-divider__element\">\n\t\t\t\tIO3 \u201cMultisport Experience za aktivaciju zajednice\u201d (SMJERNICE)\t\t\t\t<\/span>\n\t\t\t\t\t\t<\/span>\n\t\t<\/div>\n\t\t\t\t<\/div>\n\t\t\t\t<\/div>\n\t\t\t\t<div class=\"elementor-element elementor-element-dde21d0 elementor-widget elementor-widget-text-editor\" data-id=\"dde21d0\" data-element_type=\"widget\" data-widget_type=\"text-editor.default\">\n\t\t\t\t<div class=\"elementor-widget-container\">\n\t\t\t\t\t\t\t<p>Smjernice \u201cMultisport Experience za aktivaciju zajednice\u201d uklju\u010duju sve programe, aktivnosti, prakse i rezultate prikupljene tijekom cijelog projekta. Specifi\u010dne radnje uklju\u010dene u ovaj Akcijski plan bile su sastavne zna\u010dajke obrazovnog programa za trenere (ambasadore) kao i \u201eAkcijskog plana\u201c o tome kako implementirati program na odre\u0111enom podru\u010dju (od po\u010detka do realizacije sportskog doga\u0111aja).<\/p>\n<p>Svi ovi sadr\u017eaji zajedno \u010dine Priru\u010dnik za organizacije razli\u010ditih profila (sportski klubovi, nevladine organizacije, op\u0107ine, sveu\u010dili\u0161ta).<\/p>\n<p>\u0426\u044f\u043b\u043e\u0442\u043e \u0442\u043e\u0432\u0430 \u0441\u044a\u0434\u044a\u0440\u0436\u0430\u043d\u0438\u0435 \u043f\u0440\u0435\u0434\u0441\u0442\u0430\u0432\u043b\u044f\u0432\u0430 \u043d\u0430\u0440\u044a\u0447\u043d\u0438\u043a \u0437\u0430 \u043e\u0440\u0433\u0430\u043d\u0438\u0437\u0430\u0446\u0438\u0438 \u0441 \u0440\u0430\u0437\u043b\u0438\u0447\u0435\u043d \u043f\u0440\u043e\u0444\u0438\u043b (\u0441\u043f\u043e\u0440\u0442\u043d\u0438 \u043a\u043b\u0443\u0431\u043e\u0432\u0435, \u043d\u0435\u043f\u0440\u0430\u0432\u0438\u0442\u0435\u043b\u0441\u0442\u0432\u0435\u043d\u0438 \u043e\u0440\u0433\u0430\u043d\u0438\u0437\u0430\u0446\u0438\u0438, \u043e\u0431\u0449\u0438\u043d\u0438, \u0443\u043d\u0438\u0432\u0435\u0440\u0441\u0438\u0442\u0435\u0442\u0438).<\/p>\n\t\t\t\t\t\t<\/div>\n\t\t\t\t<\/div>\n\t\t<div class=\"elementor-element elementor-element-b24fdb2 e-flex e-con-boxed e-con e-child\" data-id=\"b24fdb2\" data-element_type=\"container\" data-settings=\"{&quot;jet_parallax_layout_list&quot;:[]}\">\n\t\t\t\t\t<div class=\"e-con-inner\">\n\t\t\t\t<div class=\"elementor-element elementor-element-9fd78e7 elementor-vertical-align-bottom elementor-widget__width-auto elementor-widget-mobile__width-inherit elementor-widget elementor-widget-icon-box\" data-id=\"9fd78e7\" data-element_type=\"widget\" data-widget_type=\"icon-box.default\">\n\t\t\t\t<div class=\"elementor-widget-container\">\n\t\t\t\t\t<div class=\"elementor-icon-box-wrapper\">\n\t\t\t\t\t\t<div class=\"elementor-icon-box-content\">\n\t\t\t\t<h3 class=\"elementor-icon-box-title\">\n\t\t\t\t\t<span  >\n\t\t\t\t\t\tIO3 [PDF]\t\t\t\t\t<\/span>\n\t\t\t\t<\/h3>\n\t\t\t\t\t\t\t<\/div>\n\t\t<\/div>\n\t\t\t\t<\/div>\n\t\t\t\t<\/div>\n\t\t\t\t<div class=\"elementor-element elementor-element-2d90ee0 elementor-widget elementor-widget-html\" data-id=\"2d90ee0\" data-element_type=\"widget\" data-widget_type=\"html.default\">\n\t\t\t\t<div class=\"elementor-widget-container\">\n\t\t\t<a href=\"https:\/\/multisportcommunityexperience.eu\/wp-content\/uploads\/2024\/01\/IO3-bg.pdf\" target=\"_blank\" class=\"pdf-lang\">\r\n    <img decoding=\"async\" class=\"wpml-ls-flag\" src=\"https:\/\/multisportcommunityexperience.eu\/wp-content\/plugins\/sitepress-multilingual-cms\/res\/flags\/bg.svg\" alt=\"Bulgarian\"><\/a>\r\n<a href=\"https:\/\/multisportcommunityexperience.eu\/wp-content\/uploads\/2024\/01\/IO3-hr.pdf\" target=\"_blank\" class=\"pdf-lang\">\r\n    <img decoding=\"async\" class=\"wpml-ls-flag\" src=\"https:\/\/multisportcommunityexperience.eu\/wp-content\/plugins\/sitepress-multilingual-cms\/res\/flags\/hr.svg\" alt=\"Croatian\"><\/a>\r\n<a href=\"https:\/\/multisportcommunityexperience.eu\/wp-content\/uploads\/2024\/01\/IO3-en.pdf\" target=\"_blank\" class=\"pdf-lang\">\r\n    <img decoding=\"async\" class=\"wpml-ls-flag\" src=\"https:\/\/multisportcommunityexperience.eu\/wp-content\/plugins\/sitepress-multilingual-cms\/res\/flags\/en.svg\" alt=\"English\"><\/a>\r\n<a href=\"https:\/\/multisportcommunityexperience.eu\/wp-content\/uploads\/2024\/01\/IO3-fr.pdf\" target=\"_blank\" class=\"pdf-lang\">\r\n    <img decoding=\"async\" class=\"wpml-ls-flag\" src=\"https:\/\/multisportcommunityexperience.eu\/wp-content\/plugins\/sitepress-multilingual-cms\/res\/flags\/fr.svg\" alt=\"French\"><\/a>\r\n<a href=\"https:\/\/multisportcommunityexperience.eu\/wp-content\/uploads\/2024\/01\/IO3-de.pdf\" target=\"_blank\" class=\"pdf-lang\">\r\n    <img decoding=\"async\" class=\"wpml-ls-flag\" src=\"https:\/\/multisportcommunityexperience.eu\/wp-content\/plugins\/sitepress-multilingual-cms\/res\/flags\/de.svg\" alt=\"German\"><\/a>\r\n<a href=\"https:\/\/multisportcommunityexperience.eu\/wp-content\/uploads\/2024\/01\/IO3-el.pdf\" target=\"_blank\" class=\"pdf-lang\">\r\n    <img decoding=\"async\" class=\"wpml-ls-flag\" src=\"https:\/\/multisportcommunityexperience.eu\/wp-content\/plugins\/sitepress-multilingual-cms\/res\/flags\/el.svg\" alt=\"Greek\"><\/a>\r\n<a href=\"https:\/\/multisportcommunityexperience.eu\/wp-content\/uploads\/2024\/01\/IO3-it.pdf\" target=\"_blank\" class=\"pdf-lang\">\r\n    <img decoding=\"async\" class=\"wpml-ls-flag\" src=\"https:\/\/multisportcommunityexperience.eu\/wp-content\/plugins\/sitepress-multilingual-cms\/res\/flags\/it.svg\" alt=\"Italian\"><\/a>\t\t<\/div>\n\t\t\t\t<\/div>\n\t\t\t\t\t<\/div>\n\t\t\t\t<\/div>\n\t\t\t\t<div class=\"elementor-element elementor-element-6c77d6f elementor-widget elementor-widget-spacer\" data-id=\"6c77d6f\" data-element_type=\"widget\" data-widget_type=\"spacer.default\">\n\t\t\t\t<div class=\"elementor-widget-container\">\n\t\t\t\t\t<div class=\"elementor-spacer\">\n\t\t\t<div class=\"elementor-spacer-inner\"><\/div>\n\t\t<\/div>\n\t\t\t\t<\/div>\n\t\t\t\t<\/div>\n\t\t\t\t\t<\/div>\n\t\t\t\t<\/div>\n\t\t\t\t<\/div>\n\t\t","protected":false},"excerpt":{"rendered":"<p>IO1 \u201cMultisport Community Index\u201d (INDEKS) \u201cMultisport Community Index\u201d je algoritam \u010diji je cilj identificirati razli\u010dite kategorije osoba prema njihovom zdravom na\u010dinu \u017eivota. Ovaj algoritam uzima u obzir razli\u010dite \u010dimbenike: spol, dob, kulturu, aktivno sudjelovanje u sportu i jo\u0161 mnogo toga. Postoje razli\u010dite kategorije osoba prema njihovom zdravom na\u010dinu \u017eivota! Zajedni\u010dka igra treba potaknuti svakoga da [&hellip;]<\/p>\n","protected":false},"author":1,"featured_media":0,"parent":0,"menu_order":0,"comment_status":"closed","ping_status":"closed","template":"","meta":{"footnotes":""},"class_list":["post-3772","page","type-page","status-publish","hentry"],"_links":{"self":[{"href":"https:\/\/multisportcommunityexperience.eu\/hr\/wp-json\/wp\/v2\/pages\/3772","targetHints":{"allow":["GET"]}}],"collection":[{"href":"https:\/\/multisportcommunityexperience.eu\/hr\/wp-json\/wp\/v2\/pages"}],"about":[{"href":"https:\/\/multisportcommunityexperience.eu\/hr\/wp-json\/wp\/v2\/types\/page"}],"author":[{"embeddable":true,"href":"https:\/\/multisportcommunityexperience.eu\/hr\/wp-json\/wp\/v2\/users\/1"}],"replies":[{"embeddable":true,"href":"https:\/\/multisportcommunityexperience.eu\/hr\/wp-json\/wp\/v2\/comments?post=3772"}],"version-history":[{"count":3,"href":"https:\/\/multisportcommunityexperience.eu\/hr\/wp-json\/wp\/v2\/pages\/3772\/revisions"}],"predecessor-version":[{"id":3775,"href":"https:\/\/multisportcommunityexperience.eu\/hr\/wp-json\/wp\/v2\/pages\/3772\/revisions\/3775"}],"wp:attachment":[{"href":"https:\/\/multisportcommunityexperience.eu\/hr\/wp-json\/wp\/v2\/media?parent=3772"}],"curies":[{"name":"wp","href":"https:\/\/api.w.org\/{rel}","templated":true}]}}