{"id":3789,"date":"2022-07-12T21:36:13","date_gmt":"2022-07-12T19:36:13","guid":{"rendered":"https:\/\/multisportcommunityexperience.eu\/projekt\/"},"modified":"2024-02-23T14:11:38","modified_gmt":"2024-02-23T13:11:38","slug":"projekt","status":"publish","type":"page","link":"https:\/\/multisportcommunityexperience.eu\/hr\/projekt\/","title":{"rendered":"Projekt"},"content":{"rendered":"\t\t<div data-elementor-type=\"wp-page\" data-elementor-id=\"3789\" class=\"elementor elementor-3789 elementor-141\" data-elementor-post-type=\"page\">\n\t\t\t\t<div class=\"elementor-element elementor-element-992e83b e-flex e-con-boxed e-con e-parent\" data-id=\"992e83b\" data-element_type=\"container\" data-settings=\"{&quot;jet_parallax_layout_list&quot;:[]}\" data-core-v316-plus=\"true\">\n\t\t\t\t\t<div class=\"e-con-inner\">\n\t\t<div class=\"elementor-element elementor-element-5b6aabc e-con-full e-flex e-con e-child\" data-id=\"5b6aabc\" data-element_type=\"container\" data-settings=\"{&quot;background_background&quot;:&quot;classic&quot;,&quot;jet_parallax_layout_list&quot;:[]}\">\n\t\t\t\t<div class=\"elementor-element elementor-element-0ced156 elementor-widget elementor-widget-image\" data-id=\"0ced156\" data-element_type=\"widget\" data-widget_type=\"image.default\">\n\t\t\t\t<div class=\"elementor-widget-container\">\n\t\t\t<style>\/*! elementor - v3.20.0 - 20-03-2024 *\/\n.elementor-widget-image{text-align:center}.elementor-widget-image a{display:inline-block}.elementor-widget-image a img[src$=\".svg\"]{width:48px}.elementor-widget-image img{vertical-align:middle;display:inline-block}<\/style>\t\t\t\t\t\t\t\t\t\t<img fetchpriority=\"high\" decoding=\"async\" width=\"408\" height=\"184\" src=\"https:\/\/multisportcommunityexperience.eu\/wp-content\/uploads\/2021\/04\/logo-footer.jpg\" class=\"attachment-large size-large wp-image-69\" alt=\"\" srcset=\"https:\/\/multisportcommunityexperience.eu\/wp-content\/uploads\/2021\/04\/logo-footer.jpg 408w, https:\/\/multisportcommunityexperience.eu\/wp-content\/uploads\/2021\/04\/logo-footer-300x135.jpg 300w\" sizes=\"(max-width: 408px) 100vw, 408px\" \/>\t\t\t\t\t\t\t\t\t\t\t\t\t<\/div>\n\t\t\t\t<\/div>\n\t\t\t\t<\/div>\n\t\t<div class=\"elementor-element elementor-element-2a81cbd e-con-full e-flex e-con e-child\" data-id=\"2a81cbd\" data-element_type=\"container\" data-settings=\"{&quot;jet_parallax_layout_list&quot;:[]}\">\n\t\t\t\t<div class=\"elementor-element elementor-element-fa4ab6b elementor-widget elementor-widget-text-editor\" data-id=\"fa4ab6b\" data-element_type=\"widget\" data-widget_type=\"text-editor.default\">\n\t\t\t\t<div class=\"elementor-widget-container\">\n\t\t\t<style>\/*! elementor - v3.20.0 - 20-03-2024 *\/\n.elementor-widget-text-editor.elementor-drop-cap-view-stacked .elementor-drop-cap{background-color:#69727d;color:#fff}.elementor-widget-text-editor.elementor-drop-cap-view-framed .elementor-drop-cap{color:#69727d;border:3px solid;background-color:transparent}.elementor-widget-text-editor:not(.elementor-drop-cap-view-default) .elementor-drop-cap{margin-top:8px}.elementor-widget-text-editor:not(.elementor-drop-cap-view-default) .elementor-drop-cap-letter{width:1em;height:1em}.elementor-widget-text-editor .elementor-drop-cap{float:left;text-align:center;line-height:1;font-size:50px}.elementor-widget-text-editor .elementor-drop-cap-letter{display:inline-block}<\/style>\t\t\t\t<p>MULTISPORT COMMUNITY EXPERIENCE JE dru\u0161tveno-inovacijski sportski projekt koji se temelji na kolektivnoj aktivnosti &#8220;kretanja&#8221; i natjecanju.<\/p>\n<p>Cilj projekta je aktivirati ljude kroz novi osje\u0107aj pripadnosti, nove emocije, novi odnos i zdravo natjecanje te uvjerljivu motivaciju, za fizi\u010dki aktivan i zdrav \u017eivot. Igra se temelji na natjecateljskim zajednicama. Svaka zajednica ima poseban tim koji prati njihovu fizi\u010dku aktivnost.<\/p>\n<p>Sustav prikuplja sve podatke i a\u017eurira kumulativni &#8220;Indeks zdravlja&#8221; u stvarnom vremenu na razini grada i uspore\u0111uje ga s vrijedno\u0161\u0107u druge konkurentske zajednice. Cilj projekta je aktivirati novo korisni\u010dko iskustvo jer je razvijena nova aplikacija koja prati tjelesne aktivnosti, potro\u0161nju kalorija, dru\u0161tvene doga\u0111aje itd. U ljudskoj je prirodi da trebamo dru\u0161tvene kontakte i volimo komunicirati jedni s drugima. U dana\u0161nje vrijeme tehnologija igra veliku ulogu u na\u0161im \u017eivotima, a ovaj projekt kombinira upotrebu pametnih ure\u0111aja i iskustvo zajednice dok istovremeno pobolj\u0161ava dobrobit ljudi.<\/p>\n<p>Dobrobit pojedinaca sr\u017e je dobrobiti dru\u0161tva, a ima i ekonomske koristi. \u0160to su ljudi zdraviji, manji je pritisak na socijalni i zdravstveni sustav. Osobi s tjelesnim ili mentalnim nedostatkom treba vi\u0161e vremena za pronalazak posla i integraciju u dru\u0161tvo. Ova igra nije ekskluzivna, u njoj mogu sudjelovati svi bez obzira na prethodno sportsko iskustvo, dob ili financijsko stanje.<\/p>\n\t\t\t\t\t\t<\/div>\n\t\t\t\t<\/div>\n\t\t\t\t<\/div>\n\t\t\t\t\t<\/div>\n\t\t\t\t<\/div>\n\t\t<div class=\"elementor-element elementor-element-492a76b e-flex e-con-boxed e-con e-parent\" data-id=\"492a76b\" data-element_type=\"container\" data-settings=\"{&quot;jet_parallax_layout_list&quot;:[]}\" data-core-v316-plus=\"true\">\n\t\t\t\t\t<div class=\"e-con-inner\">\n\t\t<div class=\"elementor-element elementor-element-33ee12d e-con-full elementor-hidden-mobile e-flex e-con e-child\" data-id=\"33ee12d\" data-element_type=\"container\" data-settings=\"{&quot;background_background&quot;:&quot;classic&quot;,&quot;jet_parallax_layout_list&quot;:[]}\">\n\t\t\t\t<\/div>\n\t\t<div class=\"elementor-element elementor-element-3abadb1 e-con-full e-flex e-con e-child\" data-id=\"3abadb1\" data-element_type=\"container\" data-settings=\"{&quot;jet_parallax_layout_list&quot;:[]}\">\n\t\t\t\t<div class=\"elementor-element elementor-element-b30aad2 elementor-widget elementor-widget-heading\" data-id=\"b30aad2\" data-element_type=\"widget\" data-widget_type=\"heading.default\">\n\t\t\t\t<div class=\"elementor-widget-container\">\n\t\t\t<style>\/*! elementor - v3.20.0 - 20-03-2024 *\/\n.elementor-heading-title{padding:0;margin:0;line-height:1}.elementor-widget-heading .elementor-heading-title[class*=elementor-size-]>a{color:inherit;font-size:inherit;line-height:inherit}.elementor-widget-heading .elementor-heading-title.elementor-size-small{font-size:15px}.elementor-widget-heading .elementor-heading-title.elementor-size-medium{font-size:19px}.elementor-widget-heading .elementor-heading-title.elementor-size-large{font-size:29px}.elementor-widget-heading .elementor-heading-title.elementor-size-xl{font-size:39px}.elementor-widget-heading .elementor-heading-title.elementor-size-xxl{font-size:59px}<\/style><h2 class=\"elementor-heading-title elementor-size-default\">Ciljevi<\/h2>\t\t<\/div>\n\t\t\t\t<\/div>\n\t\t\t\t<div class=\"elementor-element elementor-element-2573c9e elementor-widget elementor-widget-text-editor\" data-id=\"2573c9e\" data-element_type=\"widget\" data-widget_type=\"text-editor.default\">\n\t\t\t\t<div class=\"elementor-widget-container\">\n\t\t\t\t\t\t\tKroz ovaj projekt, cilj nam je:\r\n<ul>\r\n \t<li>Uklju\u010diti vi\u0161e ljudi u sport i tjelesne aktivnosti;<\/li>\r\n \t<li>Podi\u0107i kolektivnu svijest o dru\u0161tvenim inovacijama;<\/li>\r\n \t<li>Izgraditi platformu koja poma\u017ee korisnicima da \u017eive zdravije, da budu aktivniji i da se uklju\u010de u vi\u0161e aktivnosti zajednice. \u017deljeli bismo im dati osje\u0107aj pripadnosti, da su dio ne\u010deg ve\u0107eg.<\/li>\r\n \t<li>Aktivirati motivacijski mehanizam. Program se mo\u017ee provoditi kad god i gdje god, nema ograni\u010denja za vje\u017ebanje. Aplikacija daje bodove za dru\u0161tvene interakcije i poti\u010de izgradnju zajednice, \u010dak i u udobnosti na\u0161ih domova kao \u0161to je to slu\u010daj sa \u0161irenjem korona virusa.<\/li>\r\n<\/ul>\t\t\t\t\t\t<\/div>\n\t\t\t\t<\/div>\n\t\t\t\t<\/div>\n\t\t\t\t\t<\/div>\n\t\t\t\t<\/div>\n\t\t\t\t<\/div>\n\t\t","protected":false},"excerpt":{"rendered":"<p>MULTISPORT COMMUNITY EXPERIENCE JE dru\u0161tveno-inovacijski sportski projekt koji se temelji na kolektivnoj aktivnosti &#8220;kretanja&#8221; i natjecanju. Cilj projekta je aktivirati ljude kroz novi osje\u0107aj pripadnosti, nove emocije, novi odnos i zdravo natjecanje te uvjerljivu motivaciju, za fizi\u010dki aktivan i zdrav \u017eivot. Igra se temelji na natjecateljskim zajednicama. Svaka zajednica ima poseban tim koji prati njihovu [&hellip;]<\/p>\n","protected":false},"author":1,"featured_media":0,"parent":0,"menu_order":0,"comment_status":"closed","ping_status":"closed","template":"","meta":{"footnotes":""},"class_list":["post-3789","page","type-page","status-publish","hentry"],"_links":{"self":[{"href":"https:\/\/multisportcommunityexperience.eu\/hr\/wp-json\/wp\/v2\/pages\/3789","targetHints":{"allow":["GET"]}}],"collection":[{"href":"https:\/\/multisportcommunityexperience.eu\/hr\/wp-json\/wp\/v2\/pages"}],"about":[{"href":"https:\/\/multisportcommunityexperience.eu\/hr\/wp-json\/wp\/v2\/types\/page"}],"author":[{"embeddable":true,"href":"https:\/\/multisportcommunityexperience.eu\/hr\/wp-json\/wp\/v2\/users\/1"}],"replies":[{"embeddable":true,"href":"https:\/\/multisportcommunityexperience.eu\/hr\/wp-json\/wp\/v2\/comments?post=3789"}],"version-history":[{"count":1,"href":"https:\/\/multisportcommunityexperience.eu\/hr\/wp-json\/wp\/v2\/pages\/3789\/revisions"}],"predecessor-version":[{"id":3790,"href":"https:\/\/multisportcommunityexperience.eu\/hr\/wp-json\/wp\/v2\/pages\/3789\/revisions\/3790"}],"wp:attachment":[{"href":"https:\/\/multisportcommunityexperience.eu\/hr\/wp-json\/wp\/v2\/media?parent=3789"}],"curies":[{"name":"wp","href":"https:\/\/api.w.org\/{rel}","templated":true}]}}