{"id":3728,"date":"2022-07-12T21:36:13","date_gmt":"2022-07-12T19:36:13","guid":{"rendered":"https:\/\/multisportcommunityexperience.eu\/il-progetto\/"},"modified":"2024-02-21T23:20:03","modified_gmt":"2024-02-21T22:20:03","slug":"il-progetto","status":"publish","type":"page","link":"https:\/\/multisportcommunityexperience.eu\/it\/il-progetto\/","title":{"rendered":"Il Progetto"},"content":{"rendered":"\t\t<div data-elementor-type=\"wp-page\" data-elementor-id=\"3728\" class=\"elementor elementor-3728 elementor-141\" data-elementor-post-type=\"page\">\n\t\t\t\t<div class=\"elementor-element elementor-element-992e83b e-flex e-con-boxed e-con e-parent\" data-id=\"992e83b\" data-element_type=\"container\" data-settings=\"{&quot;jet_parallax_layout_list&quot;:[]}\" data-core-v316-plus=\"true\">\n\t\t\t\t\t<div class=\"e-con-inner\">\n\t\t<div class=\"elementor-element elementor-element-5b6aabc e-con-full e-flex e-con e-child\" data-id=\"5b6aabc\" data-element_type=\"container\" data-settings=\"{&quot;background_background&quot;:&quot;classic&quot;,&quot;jet_parallax_layout_list&quot;:[]}\">\n\t\t\t\t<div class=\"elementor-element elementor-element-0ced156 elementor-widget elementor-widget-image\" data-id=\"0ced156\" data-element_type=\"widget\" data-widget_type=\"image.default\">\n\t\t\t\t<div class=\"elementor-widget-container\">\n\t\t\t<style>\/*! elementor - v3.20.0 - 20-03-2024 *\/\n.elementor-widget-image{text-align:center}.elementor-widget-image a{display:inline-block}.elementor-widget-image a img[src$=\".svg\"]{width:48px}.elementor-widget-image img{vertical-align:middle;display:inline-block}<\/style>\t\t\t\t\t\t\t\t\t\t<img fetchpriority=\"high\" decoding=\"async\" width=\"408\" height=\"184\" src=\"https:\/\/multisportcommunityexperience.eu\/wp-content\/uploads\/2021\/04\/logo-footer.jpg\" class=\"attachment-large size-large wp-image-69\" alt=\"\" srcset=\"https:\/\/multisportcommunityexperience.eu\/wp-content\/uploads\/2021\/04\/logo-footer.jpg 408w, https:\/\/multisportcommunityexperience.eu\/wp-content\/uploads\/2021\/04\/logo-footer-300x135.jpg 300w\" sizes=\"(max-width: 408px) 100vw, 408px\" \/>\t\t\t\t\t\t\t\t\t\t\t\t\t<\/div>\n\t\t\t\t<\/div>\n\t\t\t\t<\/div>\n\t\t<div class=\"elementor-element elementor-element-2a81cbd e-con-full e-flex e-con e-child\" data-id=\"2a81cbd\" data-element_type=\"container\" data-settings=\"{&quot;jet_parallax_layout_list&quot;:[]}\">\n\t\t\t\t<div class=\"elementor-element elementor-element-fa4ab6b elementor-widget elementor-widget-text-editor\" data-id=\"fa4ab6b\" data-element_type=\"widget\" data-widget_type=\"text-editor.default\">\n\t\t\t\t<div class=\"elementor-widget-container\">\n\t\t\t<style>\/*! elementor - v3.20.0 - 20-03-2024 *\/\n.elementor-widget-text-editor.elementor-drop-cap-view-stacked .elementor-drop-cap{background-color:#69727d;color:#fff}.elementor-widget-text-editor.elementor-drop-cap-view-framed .elementor-drop-cap{color:#69727d;border:3px solid;background-color:transparent}.elementor-widget-text-editor:not(.elementor-drop-cap-view-default) .elementor-drop-cap{margin-top:8px}.elementor-widget-text-editor:not(.elementor-drop-cap-view-default) .elementor-drop-cap-letter{width:1em;height:1em}.elementor-widget-text-editor .elementor-drop-cap{float:left;text-align:center;line-height:1;font-size:50px}.elementor-widget-text-editor .elementor-drop-cap-letter{display:inline-block}<\/style>\t\t\t\t<p><b>MULTISPORT COMMUNITY EXPERIENCE<\/b> \u00e8 un progetto sportivo di innovazione sociale basato su attivit\u00e0 di \u201cmovimento\u201d collettivo e competizione.<\/p>\n<p>Questo progetto mira ad attivare le persone attraverso un nuovo senso di appartenenza, nuove emozioni, nuove relazioni e sana competizione e una motivazione convincente per una vita fisicamente attiva e sana. Il gioco si basa su comunit\u00e0 concorrenti. Ogni comunit\u00e0 ha un team specifico che monitora la propria attivit\u00e0 fisica.<\/p>\n<p>Un sistema raccoglie tutti i dati e aggiorna in tempo reale l&#8217;\u201cIndice di salute\u201d cumulativo a livello di citt\u00e0 e lo confronta con il valore delle altre comunit\u00e0 concorrenti. Questo progetto mira ad attivare una nuova esperienza utente poich\u00e9 \u00e8 stata sviluppata una nuova app che tiene traccia delle attivit\u00e0 fisiche, del consumo calorico, degli eventi sociali, ecc. \u00c8 nella natura umana che abbiamo bisogno di contatti sociali e ci piace interagire tra loro. Al giorno d&#8217;oggi, la tecnologia gioca un ruolo importante nelle nostre vite e questo progetto combina l&#8217;uso di dispositivi intelligenti e l&#8217;esperienza della comunit\u00e0 migliorando il benessere delle persone.<\/p>\n<p>Il benessere degli individui \u00e8 al centro del benessere della societ\u00e0 e comporta anche vantaggi economici. Pi\u00f9 le persone sono sane, minore \u00e8 la pressione sul welfare e sul sistema sanitario speciale. Una persona con disabilit\u00e0 fisica o mentale ha bisogno di pi\u00f9 tempo per trovare un lavoro e integrarsi nella societ\u00e0. Questo gioco non \u00e8 esclusivo, tutti possono partecipare indipendentemente dalla precedente esperienza sportiva, et\u00e0 o situazione finanziaria.<\/p>\n\t\t\t\t\t\t<\/div>\n\t\t\t\t<\/div>\n\t\t\t\t<\/div>\n\t\t\t\t\t<\/div>\n\t\t\t\t<\/div>\n\t\t<div class=\"elementor-element elementor-element-492a76b e-flex e-con-boxed e-con e-parent\" data-id=\"492a76b\" data-element_type=\"container\" data-settings=\"{&quot;jet_parallax_layout_list&quot;:[]}\" data-core-v316-plus=\"true\">\n\t\t\t\t\t<div class=\"e-con-inner\">\n\t\t<div class=\"elementor-element elementor-element-33ee12d e-con-full elementor-hidden-mobile e-flex e-con e-child\" data-id=\"33ee12d\" data-element_type=\"container\" data-settings=\"{&quot;background_background&quot;:&quot;classic&quot;,&quot;jet_parallax_layout_list&quot;:[]}\">\n\t\t\t\t<\/div>\n\t\t<div class=\"elementor-element elementor-element-3abadb1 e-con-full e-flex e-con e-child\" data-id=\"3abadb1\" data-element_type=\"container\" data-settings=\"{&quot;jet_parallax_layout_list&quot;:[]}\">\n\t\t\t\t<div class=\"elementor-element elementor-element-b30aad2 elementor-widget elementor-widget-heading\" data-id=\"b30aad2\" data-element_type=\"widget\" data-widget_type=\"heading.default\">\n\t\t\t\t<div class=\"elementor-widget-container\">\n\t\t\t<style>\/*! elementor - v3.20.0 - 20-03-2024 *\/\n.elementor-heading-title{padding:0;margin:0;line-height:1}.elementor-widget-heading .elementor-heading-title[class*=elementor-size-]>a{color:inherit;font-size:inherit;line-height:inherit}.elementor-widget-heading .elementor-heading-title.elementor-size-small{font-size:15px}.elementor-widget-heading .elementor-heading-title.elementor-size-medium{font-size:19px}.elementor-widget-heading .elementor-heading-title.elementor-size-large{font-size:29px}.elementor-widget-heading .elementor-heading-title.elementor-size-xl{font-size:39px}.elementor-widget-heading .elementor-heading-title.elementor-size-xxl{font-size:59px}<\/style><h2 class=\"elementor-heading-title elementor-size-default\">Obiettivi<\/h2>\t\t<\/div>\n\t\t\t\t<\/div>\n\t\t\t\t<div class=\"elementor-element elementor-element-2573c9e elementor-widget elementor-widget-text-editor\" data-id=\"2573c9e\" data-element_type=\"widget\" data-widget_type=\"text-editor.default\">\n\t\t\t\t<div class=\"elementor-widget-container\">\n\t\t\t\t\t\t\tAttraverso questo progetto miriamo a:\r\n<ul>\r\n \t<li>Coinvolgere pi\u00f9 persone nello sport e nelle attivit\u00e0 fisiche;<\/li>\r\n \t<li>Aumentare la consapevolezza collettiva sulle innovazioni sociali;<\/li>\r\n \t<li>Costruisci una piattaforma che aiuti gli utenti a vivere una vita pi\u00f9 sana, a essere pi\u00f9 attivi e a impegnarsi in pi\u00f9 attivit\u00e0 comunitarie. Vorremmo dare loro un senso di appartenenza, di essere parte di qualcosa di pi\u00f9 grande.<\/li>\r\n \t<li>Attiva un meccanismo motivazionale. Il programma pu\u00f2 essere svolto quando e dove, non ci sono limiti o scuse per fare esercizi fisici. L&#8217;app d\u00e0 credito alle interazioni sociali e incoraggia la costruzione di comunit\u00e0, anche nel comfort delle nostre case, come sta accadendo ora con la diffusione del corona virus.<\/li>\r\n<\/ul>\t\t\t\t\t\t<\/div>\n\t\t\t\t<\/div>\n\t\t\t\t<\/div>\n\t\t\t\t\t<\/div>\n\t\t\t\t<\/div>\n\t\t\t\t<\/div>\n\t\t","protected":false},"excerpt":{"rendered":"<p>MULTISPORT COMMUNITY EXPERIENCE \u00e8 un progetto sportivo di innovazione sociale basato su attivit\u00e0 di \u201cmovimento\u201d collettivo e competizione. Questo progetto mira ad attivare le persone attraverso un nuovo senso di appartenenza, nuove emozioni, nuove relazioni e sana competizione e una motivazione convincente per una vita fisicamente attiva e sana. Il gioco si basa su comunit\u00e0 [&hellip;]<\/p>\n","protected":false},"author":1,"featured_media":0,"parent":0,"menu_order":0,"comment_status":"closed","ping_status":"closed","template":"","meta":{"footnotes":""},"class_list":["post-3728","page","type-page","status-publish","hentry"],"_links":{"self":[{"href":"https:\/\/multisportcommunityexperience.eu\/it\/wp-json\/wp\/v2\/pages\/3728","targetHints":{"allow":["GET"]}}],"collection":[{"href":"https:\/\/multisportcommunityexperience.eu\/it\/wp-json\/wp\/v2\/pages"}],"about":[{"href":"https:\/\/multisportcommunityexperience.eu\/it\/wp-json\/wp\/v2\/types\/page"}],"author":[{"embeddable":true,"href":"https:\/\/multisportcommunityexperience.eu\/it\/wp-json\/wp\/v2\/users\/1"}],"replies":[{"embeddable":true,"href":"https:\/\/multisportcommunityexperience.eu\/it\/wp-json\/wp\/v2\/comments?post=3728"}],"version-history":[{"count":1,"href":"https:\/\/multisportcommunityexperience.eu\/it\/wp-json\/wp\/v2\/pages\/3728\/revisions"}],"predecessor-version":[{"id":3729,"href":"https:\/\/multisportcommunityexperience.eu\/it\/wp-json\/wp\/v2\/pages\/3728\/revisions\/3729"}],"wp:attachment":[{"href":"https:\/\/multisportcommunityexperience.eu\/it\/wp-json\/wp\/v2\/media?parent=3728"}],"curies":[{"name":"wp","href":"https:\/\/api.w.org\/{rel}","templated":true}]}}